{"id":8425,"date":"2024-10-02T13:09:27","date_gmt":"2024-10-02T11:09:27","guid":{"rendered":"https:\/\/ruralproofing.redr.es\/?page_id=8425"},"modified":"2024-10-02T14:35:01","modified_gmt":"2024-10-02T12:35:01","slug":"guia-de-rural-proofing","status":"publish","type":"page","link":"https:\/\/ruralproofing.redr.es\/index.php\/guia-de-rural-proofing\/","title":{"rendered":"Gu\u00eda de Rural Proofing"},"content":{"rendered":"\t\t<div data-elementor-type=\"wp-page\" data-elementor-id=\"8425\" class=\"elementor elementor-8425\">\n\t\t\t\t\t\t<section class=\"elementor-section elementor-top-section elementor-element elementor-element-f0d8ec6 elementor-section-full_width qodef-elementor-content-grid elementor-section-height-default elementor-section-height-default\" data-id=\"f0d8ec6\" data-element_type=\"section\" data-e-type=\"section\">\n\t\t\t\t\t\t<div class=\"elementor-container elementor-column-gap-default\">\n\t\t\t\t\t<div class=\"elementor-column elementor-col-50 elementor-top-column elementor-element elementor-element-0df994a\" data-id=\"0df994a\" data-element_type=\"column\" data-e-type=\"column\">\n\t\t\t<div class=\"elementor-widget-wrap elementor-element-populated\">\n\t\t\t\t\t\t<div class=\"elementor-element elementor-element-8de027c elementor-widget__width-initial elementor-widget elementor-widget-image\" data-id=\"8de027c\" data-element_type=\"widget\" data-e-type=\"widget\" data-widget_type=\"image.default\">\n\t\t\t\t<div class=\"elementor-widget-container\">\n\t\t\t\t\t\t\t\t\t\t\t\t\t\t\t\t<a href=\"https:\/\/ruralproofing.redr.es\/publicaciones\/03-gu\u00eda-esp.pdf\">\n\t\t\t\t\t\t\t<img fetchpriority=\"high\" decoding=\"async\" width=\"2964\" height=\"3174\" src=\"https:\/\/ruralproofing.redr.es\/wp-content\/uploads\/2024\/10\/Diseno-sin-titulo-20.png\" class=\"attachment-full size-full wp-image-8429\" alt=\"\" \/>\t\t\t\t\t\t\t\t<\/a>\n\t\t\t\t\t\t\t\t\t\t\t\t\t\t\t<\/div>\n\t\t\t\t<\/div>\n\t\t\t\t<div class=\"elementor-element elementor-element-d08bed3 elementor-widget elementor-widget-spacer\" data-id=\"d08bed3\" data-element_type=\"widget\" data-e-type=\"widget\" data-widget_type=\"spacer.default\">\n\t\t\t\t<div class=\"elementor-widget-container\">\n\t\t\t\t\t\t\t<div class=\"elementor-spacer\">\n\t\t\t<div class=\"elementor-spacer-inner\"><\/div>\n\t\t<\/div>\n\t\t\t\t\t\t<\/div>\n\t\t\t\t<\/div>\n\t\t\t\t<div class=\"elementor-element elementor-element-8bf2738 elementor-widget elementor-widget-text-editor\" data-id=\"8bf2738\" data-element_type=\"widget\" data-e-type=\"widget\" data-widget_type=\"text-editor.default\">\n\t\t\t\t<div class=\"elementor-widget-container\">\n\t\t\t\t\t\t\t\t\t<p><a class=\"qodef-shortcode qodef-m  qodef-button qodef-layout--outlined qodef-html--link\" href=\"https:\/\/ruralproofing.redr.es\/publicaciones\/03-gu\u00eda-esp.pdf\" target=\"_self\"  >\n\t<span class=\"qodef-m-text\">Descargar (ES)<\/span>\n<\/a>\n<\/p>\t\t\t\t\t\t\t\t<\/div>\n\t\t\t\t<\/div>\n\t\t\t\t\t<\/div>\n\t\t<\/div>\n\t\t\t\t<div class=\"elementor-column elementor-col-50 elementor-top-column elementor-element elementor-element-bad5fcc\" data-id=\"bad5fcc\" data-element_type=\"column\" data-e-type=\"column\">\n\t\t\t<div class=\"elementor-widget-wrap elementor-element-populated\">\n\t\t\t\t\t\t<div class=\"elementor-element elementor-element-73940a3 elementor-widget__width-initial elementor-widget elementor-widget-image\" data-id=\"73940a3\" data-element_type=\"widget\" data-e-type=\"widget\" data-widget_type=\"image.default\">\n\t\t\t\t<div class=\"elementor-widget-container\">\n\t\t\t\t\t\t\t\t\t\t\t\t\t\t\t\t<a href=\"https:\/\/ruralproofing.redr.es\/publicaciones\/03-checklist-eng.pdf\">\n\t\t\t\t\t\t\t<img decoding=\"async\" width=\"2736\" height=\"2930\" src=\"https:\/\/ruralproofing.redr.es\/wp-content\/uploads\/2024\/10\/Diseno-sin-titulo-19.png\" class=\"attachment-full size-full wp-image-8427\" alt=\"\" \/>\t\t\t\t\t\t\t\t<\/a>\n\t\t\t\t\t\t\t\t\t\t\t\t\t\t\t<\/div>\n\t\t\t\t<\/div>\n\t\t\t\t<div class=\"elementor-element elementor-element-7b956de elementor-widget elementor-widget-spacer\" data-id=\"7b956de\" data-element_type=\"widget\" data-e-type=\"widget\" data-widget_type=\"spacer.default\">\n\t\t\t\t<div class=\"elementor-widget-container\">\n\t\t\t\t\t\t\t<div class=\"elementor-spacer\">\n\t\t\t<div class=\"elementor-spacer-inner\"><\/div>\n\t\t<\/div>\n\t\t\t\t\t\t<\/div>\n\t\t\t\t<\/div>\n\t\t\t\t<div class=\"elementor-element elementor-element-e35b853 elementor-widget elementor-widget-text-editor\" data-id=\"e35b853\" data-element_type=\"widget\" data-e-type=\"widget\" data-widget_type=\"text-editor.default\">\n\t\t\t\t<div class=\"elementor-widget-container\">\n\t\t\t\t\t\t\t\t\t<p><a class=\"qodef-shortcode qodef-m  qodef-button qodef-layout--outlined qodef-html--link\" href=\"https:\/\/ruralproofing.redr.es\/publicaciones\/03-checklist-eng.pdf\" target=\"_self\"  >\n\t<span class=\"qodef-m-text\">Download English version<\/span>\n<\/a>\n<\/p>\t\t\t\t\t\t\t\t<\/div>\n\t\t\t\t<\/div>\n\t\t\t\t\t<\/div>\n\t\t<\/div>\n\t\t\t\t\t<\/div>\n\t\t<\/section>\n\t\t\t\t<section class=\"elementor-section elementor-top-section elementor-element elementor-element-da80332 elementor-section-full_width qodef-elementor-content-grid elementor-section-height-default elementor-section-height-default\" data-id=\"da80332\" data-element_type=\"section\" data-e-type=\"section\">\n\t\t\t\t\t\t<div class=\"elementor-container elementor-column-gap-default\">\n\t\t\t\t\t<div class=\"elementor-column elementor-col-100 elementor-top-column elementor-element elementor-element-69ebd96\" data-id=\"69ebd96\" data-element_type=\"column\" data-e-type=\"column\">\n\t\t\t<div class=\"elementor-widget-wrap elementor-element-populated\">\n\t\t\t\t\t\t<div class=\"elementor-element elementor-element-011a0d8 elementor-widget elementor-widget-coachfocus_core_section_title\" data-id=\"011a0d8\" data-element_type=\"widget\" data-e-type=\"widget\" data-widget_type=\"coachfocus_core_section_title.default\">\n\t\t\t\t<div class=\"elementor-widget-container\">\n\t\t\t\t\t<div class=\"qodef-shortcode qodef-m  qodef-section-title qodef-alignment--left \">\n\t\t\t<p class=\"qodef-m-text\" style=\"margin-top: 15px\">Bas\u00e1ndonos en las distintas experiencias internacionales recogidas en nuestra publicaci\u00f3n Buenas Pr\u00e1cticas en la aplicaci\u00f3n del Rural Proofing o Mecanismo de Garant\u00eda Rural. Desde REDR hemos dise\u00f1ado esta gu\u00eda para orientar a las autoridades en la incorporaci\u00f3n de la perspectiva rural a la hora de dise\u00f1ar, implementar y revisar pol\u00edticas y normativa. Asimismo, esta gu\u00eda permite evaluar el impacto de normativas y planes ya existentes. \n\nEn total, nuestra Gu\u00eda de Rural Proofing consta de 6 fases o pasos a trav\u00e9s de los cuales evaluar de qu\u00e9 manera una pol\u00edtica puede llegar a afectar a las zonas rurales y c\u00f3mo hacer frente a estos impactos. Incluye asimismo una checklist o cuestionario que considerar para llevar a cabo un an\u00e1lisis de impacto demogr\u00e1fico.<\/p>\n<\/div>\n\t\t\t\t<\/div>\n\t\t\t\t<\/div>\n\t\t\t\t<div class=\"elementor-element elementor-element-e5218a7 elementor-widget elementor-widget-spacer\" data-id=\"e5218a7\" data-element_type=\"widget\" data-e-type=\"widget\" data-widget_type=\"spacer.default\">\n\t\t\t\t<div class=\"elementor-widget-container\">\n\t\t\t\t\t\t\t<div class=\"elementor-spacer\">\n\t\t\t<div class=\"elementor-spacer-inner\"><\/div>\n\t\t<\/div>\n\t\t\t\t\t\t<\/div>\n\t\t\t\t<\/div>\n\t\t\t\t\t<\/div>\n\t\t<\/div>\n\t\t\t\t\t<\/div>\n\t\t<\/section>\n\t\t\t\t<\/div>\n\t\t","protected":false},"excerpt":{"rendered":"<p>Bas\u00e1ndonos en las distintas experiencias internacionales recogidas en nuestra publicaci\u00f3n Buenas Pr\u00e1cticas en la aplicaci\u00f3n del Rural Proofing o Mecanismo de Garant\u00eda Rural. Desde REDR hemos dise\u00f1ado esta gu\u00eda para orientar a las autoridades en la incorporaci\u00f3n de la perspectiva rural a la hora de dise\u00f1ar, implementar y revisar pol\u00edticas y normativa. Asimismo, esta gu\u00eda [&hellip;]<\/p>\n","protected":false},"author":5,"featured_media":0,"parent":0,"menu_order":0,"comment_status":"closed","ping_status":"closed","template":"page-full-width.php","meta":{"_bbp_topic_count":0,"_bbp_reply_count":0,"_bbp_total_topic_count":0,"_bbp_total_reply_count":0,"_bbp_voice_count":0,"_bbp_anonymous_reply_count":0,"_bbp_topic_count_hidden":0,"_bbp_reply_count_hidden":0,"_bbp_forum_subforum_count":0,"iawp_total_views":94,"footnotes":""},"class_list":["post-8425","page","type-page","status-publish","hentry"],"_links":{"self":[{"href":"https:\/\/ruralproofing.redr.es\/index.php\/wp-json\/wp\/v2\/pages\/8425","targetHints":{"allow":["GET"]}}],"collection":[{"href":"https:\/\/ruralproofing.redr.es\/index.php\/wp-json\/wp\/v2\/pages"}],"about":[{"href":"https:\/\/ruralproofing.redr.es\/index.php\/wp-json\/wp\/v2\/types\/page"}],"author":[{"embeddable":true,"href":"https:\/\/ruralproofing.redr.es\/index.php\/wp-json\/wp\/v2\/users\/5"}],"replies":[{"embeddable":true,"href":"https:\/\/ruralproofing.redr.es\/index.php\/wp-json\/wp\/v2\/comments?post=8425"}],"version-history":[{"count":16,"href":"https:\/\/ruralproofing.redr.es\/index.php\/wp-json\/wp\/v2\/pages\/8425\/revisions"}],"predecessor-version":[{"id":8446,"href":"https:\/\/ruralproofing.redr.es\/index.php\/wp-json\/wp\/v2\/pages\/8425\/revisions\/8446"}],"wp:attachment":[{"href":"https:\/\/ruralproofing.redr.es\/index.php\/wp-json\/wp\/v2\/media?parent=8425"}],"curies":[{"name":"wp","href":"https:\/\/api.w.org\/{rel}","templated":true}]}}