{"id":8415,"date":"2024-10-02T12:53:06","date_gmt":"2024-10-02T10:53:06","guid":{"rendered":"https:\/\/ruralproofing.redr.es\/?page_id=8415"},"modified":"2024-10-02T14:36:57","modified_gmt":"2024-10-02T12:36:57","slug":"lo-rural-escalando-posiciones","status":"publish","type":"page","link":"https:\/\/ruralproofing.redr.es\/index.php\/lo-rural-escalando-posiciones\/","title":{"rendered":"Lo rural, \u00a1escalando posiciones!"},"content":{"rendered":"\t\t<div data-elementor-type=\"wp-page\" data-elementor-id=\"8415\" class=\"elementor elementor-8415\">\n\t\t\t\t\t\t<section class=\"elementor-section elementor-top-section elementor-element elementor-element-f0d8ec6 elementor-section-full_width qodef-elementor-content-grid elementor-section-height-default elementor-section-height-default\" data-id=\"f0d8ec6\" data-element_type=\"section\" data-e-type=\"section\">\n\t\t\t\t\t\t<div class=\"elementor-container elementor-column-gap-default\">\n\t\t\t\t\t<div class=\"elementor-column elementor-col-50 elementor-top-column elementor-element elementor-element-0df994a\" data-id=\"0df994a\" data-element_type=\"column\" data-e-type=\"column\">\n\t\t\t<div class=\"elementor-widget-wrap elementor-element-populated\">\n\t\t\t\t\t\t<div class=\"elementor-element elementor-element-8de027c elementor-widget__width-initial elementor-widget elementor-widget-image\" data-id=\"8de027c\" data-element_type=\"widget\" data-e-type=\"widget\" data-widget_type=\"image.default\">\n\t\t\t\t<div class=\"elementor-widget-container\">\n\t\t\t\t\t\t\t\t\t\t\t\t\t\t\t\t<a href=\"https:\/\/ruralproofing.redr.es\/publicaciones\/01-escalando-posiciones.pdf\">\n\t\t\t\t\t\t\t<img fetchpriority=\"high\" decoding=\"async\" width=\"1824\" height=\"1953\" src=\"https:\/\/ruralproofing.redr.es\/wp-content\/uploads\/2024\/05\/escalando-posiciones.png\" class=\"attachment-full size-full wp-image-7690\" alt=\"\" \/>\t\t\t\t\t\t\t\t<\/a>\n\t\t\t\t\t\t\t\t\t\t\t\t\t\t\t<\/div>\n\t\t\t\t<\/div>\n\t\t\t\t<div class=\"elementor-element elementor-element-d08bed3 elementor-widget elementor-widget-spacer\" data-id=\"d08bed3\" data-element_type=\"widget\" data-e-type=\"widget\" data-widget_type=\"spacer.default\">\n\t\t\t\t<div class=\"elementor-widget-container\">\n\t\t\t\t\t\t\t<div class=\"elementor-spacer\">\n\t\t\t<div class=\"elementor-spacer-inner\"><\/div>\n\t\t<\/div>\n\t\t\t\t\t\t<\/div>\n\t\t\t\t<\/div>\n\t\t\t\t<div class=\"elementor-element elementor-element-8bf2738 elementor-widget elementor-widget-text-editor\" data-id=\"8bf2738\" data-element_type=\"widget\" data-e-type=\"widget\" data-widget_type=\"text-editor.default\">\n\t\t\t\t<div class=\"elementor-widget-container\">\n\t\t\t\t\t\t\t\t\t<p><a class=\"qodef-shortcode qodef-m  qodef-button qodef-layout--outlined qodef-html--link\" href=\"https:\/\/ruralproofing.redr.es\/publicaciones\/01-escalando-posiciones.pdf\" target=\"_self\"  >\n\t<span class=\"qodef-m-text\">Descargar (ES)<\/span>\n<\/a>\n<\/p>\t\t\t\t\t\t\t\t<\/div>\n\t\t\t\t<\/div>\n\t\t\t\t\t<\/div>\n\t\t<\/div>\n\t\t\t\t<div class=\"elementor-column elementor-col-50 elementor-top-column elementor-element elementor-element-bad5fcc\" data-id=\"bad5fcc\" data-element_type=\"column\" data-e-type=\"column\">\n\t\t\t<div class=\"elementor-widget-wrap elementor-element-populated\">\n\t\t\t\t\t\t<div class=\"elementor-element elementor-element-73940a3 elementor-widget__width-initial elementor-widget elementor-widget-image\" data-id=\"73940a3\" data-element_type=\"widget\" data-e-type=\"widget\" data-widget_type=\"image.default\">\n\t\t\t\t<div class=\"elementor-widget-container\">\n\t\t\t\t\t\t\t\t\t\t\t\t\t\t\t\t<a href=\"https:\/\/ruralproofing.redr.es\/publicaciones\/01-escalando-posiciones-eng.pdf\">\n\t\t\t\t\t\t\t<img decoding=\"async\" width=\"1824\" height=\"1953\" src=\"https:\/\/ruralproofing.redr.es\/wp-content\/uploads\/2024\/05\/02.png\" class=\"attachment-full size-full wp-image-7737\" alt=\"\" \/>\t\t\t\t\t\t\t\t<\/a>\n\t\t\t\t\t\t\t\t\t\t\t\t\t\t\t<\/div>\n\t\t\t\t<\/div>\n\t\t\t\t<div class=\"elementor-element elementor-element-7b956de elementor-widget elementor-widget-spacer\" data-id=\"7b956de\" data-element_type=\"widget\" data-e-type=\"widget\" data-widget_type=\"spacer.default\">\n\t\t\t\t<div class=\"elementor-widget-container\">\n\t\t\t\t\t\t\t<div class=\"elementor-spacer\">\n\t\t\t<div class=\"elementor-spacer-inner\"><\/div>\n\t\t<\/div>\n\t\t\t\t\t\t<\/div>\n\t\t\t\t<\/div>\n\t\t\t\t<div class=\"elementor-element elementor-element-e35b853 elementor-widget elementor-widget-text-editor\" data-id=\"e35b853\" data-element_type=\"widget\" data-e-type=\"widget\" data-widget_type=\"text-editor.default\">\n\t\t\t\t<div class=\"elementor-widget-container\">\n\t\t\t\t\t\t\t\t\t<p><a class=\"qodef-shortcode qodef-m  qodef-button qodef-layout--outlined qodef-html--link\" href=\"https:\/\/ruralproofing.redr.es\/publicaciones\/01-escalando-posiciones-eng.pdf\" target=\"_self\"  >\n\t<span class=\"qodef-m-text\">Download English version<\/span>\n<\/a>\n<\/p>\t\t\t\t\t\t\t\t<\/div>\n\t\t\t\t<\/div>\n\t\t\t\t\t<\/div>\n\t\t<\/div>\n\t\t\t\t\t<\/div>\n\t\t<\/section>\n\t\t\t\t<section class=\"elementor-section elementor-top-section elementor-element elementor-element-da80332 elementor-section-full_width qodef-elementor-content-grid elementor-section-height-default elementor-section-height-default\" data-id=\"da80332\" data-element_type=\"section\" data-e-type=\"section\">\n\t\t\t\t\t\t<div class=\"elementor-container elementor-column-gap-default\">\n\t\t\t\t\t<div class=\"elementor-column elementor-col-100 elementor-top-column elementor-element elementor-element-69ebd96\" data-id=\"69ebd96\" data-element_type=\"column\" data-e-type=\"column\">\n\t\t\t<div class=\"elementor-widget-wrap elementor-element-populated\">\n\t\t\t\t\t\t<div class=\"elementor-element elementor-element-011a0d8 elementor-widget elementor-widget-coachfocus_core_section_title\" data-id=\"011a0d8\" data-element_type=\"widget\" data-e-type=\"widget\" data-widget_type=\"coachfocus_core_section_title.default\">\n\t\t\t\t<div class=\"elementor-widget-container\">\n\t\t\t\t\t<div class=\"qodef-shortcode qodef-m  qodef-section-title qodef-alignment--left \">\n\t\t\t<p class=\"qodef-m-text\" style=\"margin-top: 15px\">En REDR  hemos elaborado la publicaci\u00f3n &quot;Lo rural, \u00a1Escalando posiciones! El Rural Proofing como herramienta para transversalizar lo rural a nivel nacional e internacional&quot;, donde analizamos tanto sus or\u00edgenes como su aplicaci\u00f3n en Espa\u00f1a. Asimismo, hemos incluido algunos testimonios para aterrizar el concepto de Rural Proofing y un listado de acciones que pueden emprender desde la administraci\u00f3n p\u00fablica, privada, organizaciones del tercer sector o sociedad civil. &quot;Lo rural, \u00a1Escalando posiciones!&quot; es un proyecto financiado por el Ministerio de Derechos Sociales y Agenda 2030.<\/p>\n<\/div>\n\t\t\t\t<\/div>\n\t\t\t\t<\/div>\n\t\t\t\t<div class=\"elementor-element elementor-element-e5218a7 elementor-widget elementor-widget-spacer\" data-id=\"e5218a7\" data-element_type=\"widget\" data-e-type=\"widget\" data-widget_type=\"spacer.default\">\n\t\t\t\t<div class=\"elementor-widget-container\">\n\t\t\t\t\t\t\t<div class=\"elementor-spacer\">\n\t\t\t<div class=\"elementor-spacer-inner\"><\/div>\n\t\t<\/div>\n\t\t\t\t\t\t<\/div>\n\t\t\t\t<\/div>\n\t\t\t\t\t<\/div>\n\t\t<\/div>\n\t\t\t\t\t<\/div>\n\t\t<\/section>\n\t\t\t\t<\/div>\n\t\t","protected":false},"excerpt":{"rendered":"<p>En REDR hemos elaborado la publicaci\u00f3n &quot;Lo rural, \u00a1Escalando posiciones! El Rural Proofing como herramienta para transversalizar lo rural a nivel nacional e internacional&quot;, donde analizamos tanto sus or\u00edgenes como su aplicaci\u00f3n en Espa\u00f1a. Asimismo, hemos incluido algunos testimonios para aterrizar el concepto de Rural Proofing y un listado de acciones que pueden emprender desde [&hellip;]<\/p>\n","protected":false},"author":5,"featured_media":0,"parent":0,"menu_order":0,"comment_status":"closed","ping_status":"closed","template":"page-full-width.php","meta":{"_bbp_topic_count":0,"_bbp_reply_count":0,"_bbp_total_topic_count":0,"_bbp_total_reply_count":0,"_bbp_voice_count":0,"_bbp_anonymous_reply_count":0,"_bbp_topic_count_hidden":0,"_bbp_reply_count_hidden":0,"_bbp_forum_subforum_count":0,"iawp_total_views":12,"footnotes":""},"class_list":["post-8415","page","type-page","status-publish","hentry"],"_links":{"self":[{"href":"https:\/\/ruralproofing.redr.es\/index.php\/wp-json\/wp\/v2\/pages\/8415","targetHints":{"allow":["GET"]}}],"collection":[{"href":"https:\/\/ruralproofing.redr.es\/index.php\/wp-json\/wp\/v2\/pages"}],"about":[{"href":"https:\/\/ruralproofing.redr.es\/index.php\/wp-json\/wp\/v2\/types\/page"}],"author":[{"embeddable":true,"href":"https:\/\/ruralproofing.redr.es\/index.php\/wp-json\/wp\/v2\/users\/5"}],"replies":[{"embeddable":true,"href":"https:\/\/ruralproofing.redr.es\/index.php\/wp-json\/wp\/v2\/comments?post=8415"}],"version-history":[{"count":15,"href":"https:\/\/ruralproofing.redr.es\/index.php\/wp-json\/wp\/v2\/pages\/8415\/revisions"}],"predecessor-version":[{"id":8458,"href":"https:\/\/ruralproofing.redr.es\/index.php\/wp-json\/wp\/v2\/pages\/8415\/revisions\/8458"}],"wp:attachment":[{"href":"https:\/\/ruralproofing.redr.es\/index.php\/wp-json\/wp\/v2\/media?parent=8415"}],"curies":[{"name":"wp","href":"https:\/\/api.w.org\/{rel}","templated":true}]}}