{"id":8269,"date":"2024-06-03T17:16:44","date_gmt":"2024-06-03T15:16:44","guid":{"rendered":"https:\/\/ruralproofing.redr.es\/?page_id=8269"},"modified":"2024-06-03T17:24:17","modified_gmt":"2024-06-03T15:24:17","slug":"rural-proofing-en-espana","status":"publish","type":"page","link":"https:\/\/ruralproofing.redr.es\/index.php\/rural-proofing-en-espana\/","title":{"rendered":"Rural Proofing en Espa\u00f1a"},"content":{"rendered":"\t\t<div data-elementor-type=\"wp-page\" data-elementor-id=\"8269\" class=\"elementor elementor-8269\">\n\t\t\t\t\t\t<section class=\"elementor-section elementor-top-section elementor-element elementor-element-ef45d59 elementor-section-full_width qodef-elementor-content-grid elementor-section-height-default elementor-section-height-default\" data-id=\"ef45d59\" data-element_type=\"section\" data-e-type=\"section\">\n\t\t\t\t\t\t<div class=\"elementor-container elementor-column-gap-default\">\n\t\t\t\t\t<div class=\"elementor-column elementor-col-100 elementor-top-column elementor-element elementor-element-c125c15\" data-id=\"c125c15\" data-element_type=\"column\" data-e-type=\"column\">\n\t\t\t<div class=\"elementor-widget-wrap elementor-element-populated\">\n\t\t\t\t\t\t<div class=\"elementor-element elementor-element-c24bb3a elementor-widget elementor-widget-text-editor\" data-id=\"c24bb3a\" data-element_type=\"widget\" data-e-type=\"widget\" data-widget_type=\"text-editor.default\">\n\t\t\t\t<div class=\"elementor-widget-container\">\n\t\t\t\t\t\t\t\t\t<p style=\"color: #000000;\">Comunidades aut\u00f3nomas que han incluido Rural Proofing en su legislaci\u00f3n:<\/p>\t\t\t\t\t\t\t\t<\/div>\n\t\t\t\t<\/div>\n\t\t\t\t<div class=\"elementor-element elementor-element-1b3c089 elementor-widget elementor-widget-coachfocus_core_events_list\" data-id=\"1b3c089\" data-element_type=\"widget\" data-e-type=\"widget\" data-widget_type=\"coachfocus_core_events_list.default\">\n\t\t\t\t<div class=\"elementor-widget-container\">\n\t\t\t\t\t<div class=\"qodef-shortcode qodef-m  qodef-events-list qodef-item-layout--info-table qodef-grid qodef-layout--columns    qodef-item-layout--info-table qodef--no-bottom-space qodef-pagination--off qodef-responsive--predefined\" data-options=\"{&quot;plugin&quot;:&quot;coachfocus_core&quot;,&quot;module&quot;:&quot;post-types\\\/events\\\/shortcodes&quot;,&quot;shortcode&quot;:&quot;events-list&quot;,&quot;post_type&quot;:&quot;event-item&quot;,&quot;next_page&quot;:&quot;2&quot;,&quot;max_pages_num&quot;:1,&quot;posts_per_page&quot;:&quot;9&quot;,&quot;orderby&quot;:&quot;date&quot;,&quot;order&quot;:&quot;DESC&quot;,&quot;layout&quot;:&quot;info-table&quot;,&quot;title_tag&quot;:&quot;h3&quot;,&quot;pagination_type&quot;:&quot;no-pagination&quot;,&quot;object_class_name&quot;:&quot;CoachFocusCore_Events_List_Shortcode&quot;,&quot;behavior&quot;:&quot;columns&quot;,&quot;additional_query_args&quot;:[],&quot;item_classes&quot;:&quot;qodef-e qodef-grid-item &quot;}\">\n\t<div class=\"qodef-grid-inner clear\">\n\t\t<div class=\"qodef-e qodef-grid-item \">\n\t<div class=\"qodef-e-inner\">\n\t\t\t<div class=\"qodef-e-date-wrapper\">\r\n\t<span class=\"qodef-e-date\">\r\n\t\t02\t<\/span>\r\n    \t<span class=\"qodef-e-month\">\r\n\t\tFeb 2021\t<\/span>\r\n\t<\/div>\r\n\t\t<div class=\"qodef-e-heading\">\n\t\t\t<h3 itemprop=\"name\" class=\"qodef-e-title entry-title\" >\r\n\t<a itemprop=\"url\" class=\"qodef-e-title-link\" href=\"https:\/\/ruralproofing.redr.es\/index.php\/event-item\/galicia\/\">\r\n\t\tGalicia\t<\/a>\r\n<\/h3>\r\n\t\t\t\t<p class=\"qodef-e-organized\">Ley de Impulso Demogr\u00e1fico de Galicia<\/p>\n\t\t\t\t\t<\/div>\n\t\t\t<div class=\"qodef-e-tickets-link qodef-status--available\">\n\t\t<a class=\"qodef-shortcode qodef-m  qodef-button qodef-layout--outlined qodef-html--link\" href=\"https:\/\/ruralproofing.redr.es\/index.php\/event-item\/galicia\/\" target=\"_self\"  >\t<span class=\"qodef-m-text\">Saber m\u00e1s<\/span><\/a>\t<\/div>\n\t<\/div>\n<\/div>\n<div class=\"qodef-e qodef-grid-item \">\n\t<div class=\"qodef-e-inner\">\n\t\t\t<div class=\"qodef-e-date-wrapper\">\r\n\t<span class=\"qodef-e-date\">\r\n\t\t07\t<\/span>\r\n    \t<span class=\"qodef-e-month\">\r\n\t\tMay 2021\t<\/span>\r\n\t<\/div>\r\n\t\t<div class=\"qodef-e-heading\">\n\t\t\t<h3 itemprop=\"name\" class=\"qodef-e-title entry-title\" >\r\n\t<a itemprop=\"url\" class=\"qodef-e-title-link\" href=\"https:\/\/ruralproofing.redr.es\/index.php\/event-item\/castilla-la-mancha\/\">\r\n\t\tCastilla-La Mancha\t<\/a>\r\n<\/h3>\r\n\t\t\t\t<p class=\"qodef-e-organized\">Ley de medidas econ\u00f3micas, sociales y tributarias frente a la despoblaci\u00f3n y para el desarrollo del medio rural en Castilla-La Mancha<\/p>\n\t\t\t\t\t<\/div>\n\t\t\t<div class=\"qodef-e-tickets-link qodef-status--available\">\n\t\t<a class=\"qodef-shortcode qodef-m  qodef-button qodef-layout--outlined qodef-html--link\" href=\"https:\/\/ruralproofing.redr.es\/index.php\/event-item\/castilla-la-mancha\/\" target=\"_self\"  >\t<span class=\"qodef-m-text\">Saber m\u00e1s<\/span><\/a>\t<\/div>\n\t<\/div>\n<\/div>\n<div class=\"qodef-e qodef-grid-item \">\n\t<div class=\"qodef-e-inner\">\n\t\t\t<div class=\"qodef-e-date-wrapper\">\r\n\t<span class=\"qodef-e-date\">\r\n\t\t17\t<\/span>\r\n    \t<span class=\"qodef-e-month\">\r\n\t\tMar 2022\t<\/span>\r\n\t<\/div>\r\n\t\t<div class=\"qodef-e-heading\">\n\t\t\t<h3 itemprop=\"name\" class=\"qodef-e-title entry-title\" >\r\n\t<a itemprop=\"url\" class=\"qodef-e-title-link\" href=\"https:\/\/ruralproofing.redr.es\/index.php\/event-item\/extremadura\/\">\r\n\t\tExtremadura\t<\/a>\r\n<\/h3>\r\n\t\t\t\t<p class=\"qodef-e-organized\">Ley de medidas ante el reto demogr\u00e1fico y territorial de Extremadura<\/p>\n\t\t\t\t\t<\/div>\n\t\t\t<div class=\"qodef-e-tickets-link qodef-status--available\">\n\t\t<a class=\"qodef-shortcode qodef-m  qodef-button qodef-layout--outlined qodef-html--link\" href=\"https:\/\/ruralproofing.redr.es\/index.php\/event-item\/extremadura\/\" target=\"_self\"  >\t<span class=\"qodef-m-text\">Saber m\u00e1s<\/span><\/a>\t<\/div>\n\t<\/div>\n<\/div>\n<div class=\"qodef-e qodef-grid-item \">\n\t<div class=\"qodef-e-inner\">\n\t\t\t<div class=\"qodef-e-date-wrapper\">\r\n\t<span class=\"qodef-e-date\">\r\n\t\t30\t<\/span>\r\n    \t<span class=\"qodef-e-month\">\r\n\t\tJun 2022\t<\/span>\r\n\t<\/div>\r\n\t\t<div class=\"qodef-e-heading\">\n\t\t\t<h3 itemprop=\"name\" class=\"qodef-e-title entry-title\" >\r\n\t<a itemprop=\"url\" class=\"qodef-e-title-link\" href=\"https:\/\/ruralproofing.redr.es\/index.php\/event-item\/paisvasco\/\">\r\n\t\tPa\u00eds Vasco\t<\/a>\r\n<\/h3>\r\n\t\t\t\t<p class=\"qodef-e-organized\">Ley de Desarrollo Rural<\/p>\n\t\t\t\t\t<\/div>\n\t\t\t<div class=\"qodef-e-tickets-link qodef-status--available\">\n\t\t<a class=\"qodef-shortcode qodef-m  qodef-button qodef-layout--outlined qodef-html--link\" href=\"https:\/\/ruralproofing.redr.es\/index.php\/event-item\/paisvasco\/\" target=\"_self\"  >\t<span class=\"qodef-m-text\">Saber m\u00e1s<\/span><\/a>\t<\/div>\n\t<\/div>\n<\/div>\n<div class=\"qodef-e qodef-grid-item \">\n\t<div class=\"qodef-e-inner\">\n\t\t\t<div class=\"qodef-e-date-wrapper\">\r\n\t<span class=\"qodef-e-date\">\r\n\t\t30\t<\/span>\r\n    \t<span class=\"qodef-e-month\">\r\n\t\tMar 2023\t<\/span>\r\n\t<\/div>\r\n\t\t<div class=\"qodef-e-heading\">\n\t\t\t<h3 itemprop=\"name\" class=\"qodef-e-title entry-title\" >\r\n\t<a itemprop=\"url\" class=\"qodef-e-title-link\" href=\"https:\/\/ruralproofing.redr.es\/index.php\/event-item\/aragon\/\">\r\n\t\tArag\u00f3n\t<\/a>\r\n<\/h3>\r\n\t\t\t\t<p class=\"qodef-e-organized\">Ley de dinamizaci\u00f3n del medio rural de Arag\u00f3n<\/p>\n\t\t\t\t\t<\/div>\n\t\t\t<div class=\"qodef-e-tickets-link qodef-status--available\">\n\t\t<a class=\"qodef-shortcode qodef-m  qodef-button qodef-layout--outlined qodef-html--link\" href=\"https:\/\/ruralproofing.redr.es\/index.php\/event-item\/aragon\/\" target=\"_self\"  >\t<span class=\"qodef-m-text\">Saber m\u00e1s<\/span><\/a>\t<\/div>\n\t<\/div>\n<\/div>\n<div class=\"qodef-e qodef-grid-item \">\n\t<div class=\"qodef-e-inner\">\n\t\t\t<div class=\"qodef-e-date-wrapper\">\r\n\t<span class=\"qodef-e-date\">\r\n\t\t13\t<\/span>\r\n    \t<span class=\"qodef-e-month\">\r\n\t\tApr 2023\t<\/span>\r\n\t<\/div>\r\n\t\t<div class=\"qodef-e-heading\">\n\t\t\t<h3 itemprop=\"name\" class=\"qodef-e-title entry-title\" >\r\n\t<a itemprop=\"url\" class=\"qodef-e-title-link\" href=\"https:\/\/ruralproofing.redr.es\/index.php\/event-item\/valencia\/\">\r\n\t\tComunidad Valenciana\t<\/a>\r\n<\/h3>\r\n\t\t\t\t<p class=\"qodef-e-organized\">Ley Integral de Medidas contra la Despoblaci\u00f3n en la Comunitat Valenciana<\/p>\n\t\t\t\t\t<\/div>\n\t\t\t<div class=\"qodef-e-tickets-link qodef-status--available\">\n\t\t<a class=\"qodef-shortcode qodef-m  qodef-button qodef-layout--outlined qodef-html--link\" href=\"https:\/\/ruralproofing.redr.es\/index.php\/event-item\/valencia\/\" target=\"_self\"  >\t<span class=\"qodef-m-text\">Saber m\u00e1s<\/span><\/a>\t<\/div>\n\t<\/div>\n<\/div>\n<div class=\"qodef-e qodef-grid-item \">\n\t<div class=\"qodef-e-inner\">\n\t\t\t<div class=\"qodef-e-date-wrapper\">\r\n\t<span class=\"qodef-e-date\">\r\n\t\t01\t<\/span>\r\n    \t<span class=\"qodef-e-month\">\r\n\t\tJan 2024\t<\/span>\r\n\t<\/div>\r\n\t\t<div class=\"qodef-e-heading\">\n\t\t\t<h3 itemprop=\"name\" class=\"qodef-e-title entry-title\" >\r\n\t<a itemprop=\"url\" class=\"qodef-e-title-link\" href=\"https:\/\/ruralproofing.redr.es\/index.php\/event-item\/cataluna\/\">\r\n\t\tCatalu\u00f1a\t<\/a>\r\n<\/h3>\r\n\t\t\t\t<p class=\"qodef-e-organized\">Anteproyecto de Ley del Estatuto de Municipios Rurales<\/p>\n\t\t\t\t\t<\/div>\n\t\t\t<div class=\"qodef-e-tickets-link qodef-status--available\">\n\t\t<a class=\"qodef-shortcode qodef-m  qodef-button qodef-layout--outlined qodef-html--link\" href=\"https:\/\/ruralproofing.redr.es\/index.php\/event-item\/cataluna\/\" target=\"_self\"  >\t<span class=\"qodef-m-text\">Saber m\u00e1s<\/span><\/a>\t<\/div>\n\t<\/div>\n<\/div>\n<div class=\"qodef-e qodef-grid-item \">\n\t<div class=\"qodef-e-inner\">\n\t\t\t<div class=\"qodef-e-date-wrapper\">\r\n\t<span class=\"qodef-e-date\">\r\n\t\t30\t<\/span>\r\n    \t<span class=\"qodef-e-month\">\r\n\t\tApr 2024\t<\/span>\r\n\t<\/div>\r\n\t\t<div class=\"qodef-e-heading\">\n\t\t\t<h3 itemprop=\"name\" class=\"qodef-e-title entry-title\" >\r\n\t<a itemprop=\"url\" class=\"qodef-e-title-link\" href=\"https:\/\/ruralproofing.redr.es\/index.php\/event-item\/principado-de-asturias\/\">\r\n\t\tPrincipado de Asturias\t<\/a>\r\n<\/h3>\r\n\t\t\t\t<p class=\"qodef-e-organized\">Ley de Impulso Demogr\u00e1fico<\/p>\n\t\t\t\t\t<\/div>\n\t\t\t<div class=\"qodef-e-tickets-link qodef-status--available\">\n\t\t<a class=\"qodef-shortcode qodef-m  qodef-button qodef-layout--outlined qodef-html--link\" href=\"https:\/\/ruralproofing.redr.es\/index.php\/event-item\/principado-de-asturias\/\" target=\"_self\"  >\t<span class=\"qodef-m-text\">Saber m\u00e1s<\/span><\/a>\t<\/div>\n\t<\/div>\n<\/div>\n<div class=\"qodef-e qodef-grid-item \">\n\t<div class=\"qodef-e-inner\">\n\t\t\t<div class=\"qodef-e-date-wrapper\">\r\n\t<span class=\"qodef-e-date\">\r\n\t\t30\t<\/span>\r\n    \t<span class=\"qodef-e-month\">\r\n\t\tMay 2024\t<\/span>\r\n\t<\/div>\r\n\t\t<div class=\"qodef-e-heading\">\n\t\t\t<h3 itemprop=\"name\" class=\"qodef-e-title entry-title\" >\r\n\t<a itemprop=\"url\" class=\"qodef-e-title-link\" href=\"https:\/\/ruralproofing.redr.es\/index.php\/event-item\/navarra\/\">\r\n\t\tRegi\u00f3n Foral de Navarra\t<\/a>\r\n<\/h3>\r\n\t\t\t\t<p class=\"qodef-e-organized\">Anteproyecto de Ley Foral de Desarrollo Rural de Navarra<\/p>\n\t\t\t\t\t<\/div>\n\t\t\t<div class=\"qodef-e-tickets-link qodef-status--available\">\n\t\t<a class=\"qodef-shortcode qodef-m  qodef-button qodef-layout--outlined qodef-html--link\" href=\"https:\/\/ruralproofing.redr.es\/index.php\/event-item\/navarra\/\" target=\"_self\"  >\t<span class=\"qodef-m-text\">Saber m\u00e1s<\/span><\/a>\t<\/div>\n\t<\/div>\n<\/div>\n\t<\/div>\n\t<\/div>\n\t\t\t\t<\/div>\n\t\t\t\t<\/div>\n\t\t\t\t\t<\/div>\n\t\t<\/div>\n\t\t\t\t\t<\/div>\n\t\t<\/section>\n\t\t\t\t<\/div>\n\t\t","protected":false},"excerpt":{"rendered":"<p>Comunidades aut\u00f3nomas que han incluido Rural Proofing en su legislaci\u00f3n: 01 Jan 2021 Galicia Ley de Impulso Demogr\u00e1fico de Galicia Saber m\u00e1s 01 Jan 2021 Castilla-La Mancha Ley de medidas econ\u00f3micas, sociales y tributarias frente a la despoblaci\u00f3n y para el desarrollo del medio rural en Castilla-La Mancha Saber m\u00e1s 01 Jan 2022 Extremadura Ley [&hellip;]<\/p>\n","protected":false},"author":5,"featured_media":0,"parent":0,"menu_order":0,"comment_status":"closed","ping_status":"closed","template":"page-full-width.php","meta":{"_bbp_topic_count":0,"_bbp_reply_count":0,"_bbp_total_topic_count":0,"_bbp_total_reply_count":0,"_bbp_voice_count":0,"_bbp_anonymous_reply_count":0,"_bbp_topic_count_hidden":0,"_bbp_reply_count_hidden":0,"_bbp_forum_subforum_count":0,"iawp_total_views":75,"footnotes":""},"class_list":["post-8269","page","type-page","status-publish","hentry"],"_links":{"self":[{"href":"https:\/\/ruralproofing.redr.es\/index.php\/wp-json\/wp\/v2\/pages\/8269","targetHints":{"allow":["GET"]}}],"collection":[{"href":"https:\/\/ruralproofing.redr.es\/index.php\/wp-json\/wp\/v2\/pages"}],"about":[{"href":"https:\/\/ruralproofing.redr.es\/index.php\/wp-json\/wp\/v2\/types\/page"}],"author":[{"embeddable":true,"href":"https:\/\/ruralproofing.redr.es\/index.php\/wp-json\/wp\/v2\/users\/5"}],"replies":[{"embeddable":true,"href":"https:\/\/ruralproofing.redr.es\/index.php\/wp-json\/wp\/v2\/comments?post=8269"}],"version-history":[{"count":13,"href":"https:\/\/ruralproofing.redr.es\/index.php\/wp-json\/wp\/v2\/pages\/8269\/revisions"}],"predecessor-version":[{"id":8287,"href":"https:\/\/ruralproofing.redr.es\/index.php\/wp-json\/wp\/v2\/pages\/8269\/revisions\/8287"}],"wp:attachment":[{"href":"https:\/\/ruralproofing.redr.es\/index.php\/wp-json\/wp\/v2\/media?parent=8269"}],"curies":[{"name":"wp","href":"https:\/\/api.w.org\/{rel}","templated":true}]}}