{"id":7794,"date":"2024-05-27T15:43:02","date_gmt":"2024-05-27T13:43:02","guid":{"rendered":"https:\/\/ruralproofing.redr.es\/?page_id=7794"},"modified":"2025-03-28T14:13:46","modified_gmt":"2025-03-28T12:13:46","slug":"publicaciones","status":"publish","type":"page","link":"https:\/\/ruralproofing.redr.es\/index.php\/publicaciones\/","title":{"rendered":"Publicaciones"},"content":{"rendered":"\t\t<div data-elementor-type=\"wp-page\" data-elementor-id=\"7794\" class=\"elementor elementor-7794\">\n\t\t\t\t\t\t<section class=\"elementor-section elementor-top-section elementor-element elementor-element-83e405b elementor-section-full_width qodef-elementor-content-grid elementor-section-height-default elementor-section-height-default\" data-id=\"83e405b\" data-element_type=\"section\" data-e-type=\"section\">\n\t\t\t\t\t\t<div class=\"elementor-container elementor-column-gap-default\">\n\t\t\t\t\t<div class=\"elementor-column elementor-col-50 elementor-top-column elementor-element elementor-element-7fe3ef9\" data-id=\"7fe3ef9\" data-element_type=\"column\" data-e-type=\"column\">\n\t\t\t<div class=\"elementor-widget-wrap elementor-element-populated\">\n\t\t\t\t\t\t<div class=\"elementor-element elementor-element-d750365 elementor-widget__width-initial elementor-widget elementor-widget-image\" data-id=\"d750365\" data-element_type=\"widget\" data-e-type=\"widget\" data-widget_type=\"image.default\">\n\t\t\t\t<div class=\"elementor-widget-container\">\n\t\t\t\t\t\t\t\t\t\t\t\t\t\t\t\t<a href=\"https:\/\/ruralproofing.redr.es\/index.php\/ruralizando-medio-rural\/\">\n\t\t\t\t\t\t\t<img fetchpriority=\"high\" decoding=\"async\" width=\"853\" height=\"602\" src=\"https:\/\/ruralproofing.redr.es\/wp-content\/uploads\/2024\/10\/Diseno-sin-titulo-18.png\" class=\"attachment-full size-full wp-image-8368\" alt=\"\" \/>\t\t\t\t\t\t\t\t<\/a>\n\t\t\t\t\t\t\t\t\t\t\t\t\t\t\t<\/div>\n\t\t\t\t<\/div>\n\t\t\t\t<div class=\"elementor-element elementor-element-c6ad0ad elementor-widget elementor-widget-coachfocus_core_section_title\" data-id=\"c6ad0ad\" data-element_type=\"widget\" data-e-type=\"widget\" data-widget_type=\"coachfocus_core_section_title.default\">\n\t\t\t\t<div class=\"elementor-widget-container\">\n\t\t\t\t\t<div class=\"qodef-shortcode qodef-m  qodef-section-title qodef-alignment--left \">\n\t\t<h4 class=\"qodef-m-title\" >\n\t\t\t\t\tRuralizando las pol\u00edticas que afectan al medio rural\t\t\t<\/h4>\n\t<\/div>\n\t\t\t\t<\/div>\n\t\t\t\t<\/div>\n\t\t\t\t<div class=\"elementor-element elementor-element-a40d216 elementor-widget elementor-widget-text-editor\" data-id=\"a40d216\" data-element_type=\"widget\" data-e-type=\"widget\" data-widget_type=\"text-editor.default\">\n\t\t\t\t<div class=\"elementor-widget-container\">\n\t\t\t\t\t\t\t\t\t<p><a class=\"qodef-shortcode qodef-m  qodef-button qodef-layout--outlined qodef-html--link\" href=\"https:\/\/ruralproofing.redr.es\/index.php\/ruralizando-medio-rural\/\" target=\"_self\"  >\n\t<span class=\"qodef-m-text\">Ver publicaci\u00f3n<\/span>\n<\/a>\n<\/p>\t\t\t\t\t\t\t\t<\/div>\n\t\t\t\t<\/div>\n\t\t\t\t\t<\/div>\n\t\t<\/div>\n\t\t\t\t<div class=\"elementor-column elementor-col-50 elementor-top-column elementor-element elementor-element-e12b5f0\" data-id=\"e12b5f0\" data-element_type=\"column\" data-e-type=\"column\">\n\t\t\t<div class=\"elementor-widget-wrap elementor-element-populated\">\n\t\t\t\t\t\t<div class=\"elementor-element elementor-element-571fd62 elementor-widget__width-initial elementor-widget elementor-widget-image\" data-id=\"571fd62\" data-element_type=\"widget\" data-e-type=\"widget\" data-widget_type=\"image.default\">\n\t\t\t\t<div class=\"elementor-widget-container\">\n\t\t\t\t\t\t\t\t\t\t\t\t\t\t\t\t<a href=\"https:\/\/ruralproofing.redr.es\/index.php\/guia-de-rural-proofing\/\">\n\t\t\t\t\t\t\t<img decoding=\"async\" width=\"739\" height=\"522\" src=\"https:\/\/ruralproofing.redr.es\/wp-content\/uploads\/2024\/10\/Diseno-sin-titulo-17.png\" class=\"attachment-full size-full wp-image-8367\" alt=\"\" \/>\t\t\t\t\t\t\t\t<\/a>\n\t\t\t\t\t\t\t\t\t\t\t\t\t\t\t<\/div>\n\t\t\t\t<\/div>\n\t\t\t\t<div class=\"elementor-element elementor-element-ce6bacf elementor-widget elementor-widget-coachfocus_core_section_title\" data-id=\"ce6bacf\" data-element_type=\"widget\" data-e-type=\"widget\" data-widget_type=\"coachfocus_core_section_title.default\">\n\t\t\t\t<div class=\"elementor-widget-container\">\n\t\t\t\t\t<div class=\"qodef-shortcode qodef-m  qodef-section-title qodef-alignment--left \">\n\t\t<h4 class=\"qodef-m-title\" >\n\t\t\t\t\tGu\u00eda de Rural Proofing para la evaluciaci\u00f3n de la perspectiva rural en leyes, pol\u00edticas, planes y estrategias\t\t\t<\/h4>\n\t<\/div>\n\t\t\t\t<\/div>\n\t\t\t\t<\/div>\n\t\t\t\t<div class=\"elementor-element elementor-element-ce9620a elementor-widget elementor-widget-text-editor\" data-id=\"ce9620a\" data-element_type=\"widget\" data-e-type=\"widget\" data-widget_type=\"text-editor.default\">\n\t\t\t\t<div class=\"elementor-widget-container\">\n\t\t\t\t\t\t\t\t\t<p><a class=\"qodef-shortcode qodef-m  qodef-button qodef-layout--outlined qodef-html--link\" href=\"https:\/\/ruralproofing.redr.es\/index.php\/guia-de-rural-proofing\/\" target=\"_self\"  >\n\t<span class=\"qodef-m-text\">Ver publicaci\u00f3n<\/span>\n<\/a>\n<\/p>\t\t\t\t\t\t\t\t<\/div>\n\t\t\t\t<\/div>\n\t\t\t\t\t<\/div>\n\t\t<\/div>\n\t\t\t\t\t<\/div>\n\t\t<\/section>\n\t\t<div class=\"elementor-element elementor-element-6be7c33 e-flex e-con-boxed e-con e-parent\" data-id=\"6be7c33\" data-element_type=\"container\" data-e-type=\"container\">\n\t\t\t\t\t<div class=\"e-con-inner\">\n\t\t\t\t<div class=\"elementor-element elementor-element-ebae791 elementor-widget elementor-widget-spacer\" data-id=\"ebae791\" data-element_type=\"widget\" data-e-type=\"widget\" data-widget_type=\"spacer.default\">\n\t\t\t\t<div class=\"elementor-widget-container\">\n\t\t\t\t\t\t\t<div class=\"elementor-spacer\">\n\t\t\t<div class=\"elementor-spacer-inner\"><\/div>\n\t\t<\/div>\n\t\t\t\t\t\t<\/div>\n\t\t\t\t<\/div>\n\t\t\t\t\t<\/div>\n\t\t\t\t<\/div>\n\t\t\t\t<section class=\"elementor-section elementor-top-section elementor-element elementor-element-f0d8ec6 elementor-section-full_width qodef-elementor-content-grid elementor-section-height-default elementor-section-height-default\" data-id=\"f0d8ec6\" data-element_type=\"section\" data-e-type=\"section\">\n\t\t\t\t\t\t<div class=\"elementor-container elementor-column-gap-default\">\n\t\t\t\t\t<div class=\"elementor-column elementor-col-50 elementor-top-column elementor-element elementor-element-0df994a\" data-id=\"0df994a\" data-element_type=\"column\" data-e-type=\"column\">\n\t\t\t<div class=\"elementor-widget-wrap elementor-element-populated\">\n\t\t\t\t\t\t<div class=\"elementor-element elementor-element-8de027c elementor-widget__width-initial elementor-widget elementor-widget-image\" data-id=\"8de027c\" data-element_type=\"widget\" data-e-type=\"widget\" data-widget_type=\"image.default\">\n\t\t\t\t<div class=\"elementor-widget-container\">\n\t\t\t\t\t\t\t\t\t\t\t\t\t\t\t\t<a href=\"https:\/\/ruralproofing.redr.es\/index.php\/lo-rural-escalando-posiciones\/\">\n\t\t\t\t\t\t\t<img decoding=\"async\" width=\"2768\" height=\"1953\" src=\"https:\/\/ruralproofing.redr.es\/wp-content\/uploads\/2024\/05\/escalando-posiciones-2.png\" class=\"attachment-full size-full wp-image-7709\" alt=\"\" \/>\t\t\t\t\t\t\t\t<\/a>\n\t\t\t\t\t\t\t\t\t\t\t\t\t\t\t<\/div>\n\t\t\t\t<\/div>\n\t\t\t\t<div class=\"elementor-element elementor-element-7ed6afe elementor-widget elementor-widget-coachfocus_core_section_title\" data-id=\"7ed6afe\" data-element_type=\"widget\" data-e-type=\"widget\" data-widget_type=\"coachfocus_core_section_title.default\">\n\t\t\t\t<div class=\"elementor-widget-container\">\n\t\t\t\t\t<div class=\"qodef-shortcode qodef-m  qodef-section-title qodef-alignment--left \">\n\t\t<h4 class=\"qodef-m-title\" >\n\t\t\t\t\tLo rural, \u00a1escalando posiciones!\t\t\t<\/h4>\n\t<\/div>\n\t\t\t\t<\/div>\n\t\t\t\t<\/div>\n\t\t\t\t<div class=\"elementor-element elementor-element-8bf2738 elementor-widget elementor-widget-text-editor\" data-id=\"8bf2738\" data-element_type=\"widget\" data-e-type=\"widget\" data-widget_type=\"text-editor.default\">\n\t\t\t\t<div class=\"elementor-widget-container\">\n\t\t\t\t\t\t\t\t\t<p><a class=\"qodef-shortcode qodef-m  qodef-button qodef-layout--outlined qodef-html--link\" href=\"https:\/\/ruralproofing.redr.es\/index.php\/lo-rural-escalando-posiciones\/\" target=\"_self\"  >\n\t<span class=\"qodef-m-text\">Ver publicaci\u00f3n<\/span>\n<\/a>\n<\/p>\t\t\t\t\t\t\t\t<\/div>\n\t\t\t\t<\/div>\n\t\t\t\t\t<\/div>\n\t\t<\/div>\n\t\t\t\t<div class=\"elementor-column elementor-col-50 elementor-top-column elementor-element elementor-element-59fee3a\" data-id=\"59fee3a\" data-element_type=\"column\" data-e-type=\"column\">\n\t\t\t<div class=\"elementor-widget-wrap elementor-element-populated\">\n\t\t\t\t\t\t<div class=\"elementor-element elementor-element-af2b1d2 elementor-widget__width-initial elementor-widget elementor-widget-image\" data-id=\"af2b1d2\" data-element_type=\"widget\" data-e-type=\"widget\" data-widget_type=\"image.default\">\n\t\t\t\t<div class=\"elementor-widget-container\">\n\t\t\t\t\t\t\t\t\t\t\t\t\t\t\t\t<a href=\"https:\/\/ruralproofing.redr.es\/index.php\/habla-la-ciudadania-rural\/\">\n\t\t\t\t\t\t\t<img loading=\"lazy\" decoding=\"async\" width=\"2768\" height=\"1953\" src=\"https:\/\/ruralproofing.redr.es\/wp-content\/uploads\/2024\/05\/ciudadania-rural-2.png\" class=\"attachment-full size-full wp-image-7710\" alt=\"\" \/>\t\t\t\t\t\t\t\t<\/a>\n\t\t\t\t\t\t\t\t\t\t\t\t\t\t\t<\/div>\n\t\t\t\t<\/div>\n\t\t\t\t<div class=\"elementor-element elementor-element-ea26023 elementor-widget elementor-widget-coachfocus_core_section_title\" data-id=\"ea26023\" data-element_type=\"widget\" data-e-type=\"widget\" data-widget_type=\"coachfocus_core_section_title.default\">\n\t\t\t\t<div class=\"elementor-widget-container\">\n\t\t\t\t\t<div class=\"qodef-shortcode qodef-m  qodef-section-title qodef-alignment--left \">\n\t\t<h4 class=\"qodef-m-title\" >\n\t\t\t\t\tHabla la ciudadan\u00eda rural. Rural Proofing contra la Espa\u00f1a \"vacilada\"\t\t\t<\/h4>\n\t<\/div>\n\t\t\t\t<\/div>\n\t\t\t\t<\/div>\n\t\t\t\t<div class=\"elementor-element elementor-element-cbf2851 elementor-widget elementor-widget-text-editor\" data-id=\"cbf2851\" data-element_type=\"widget\" data-e-type=\"widget\" data-widget_type=\"text-editor.default\">\n\t\t\t\t<div class=\"elementor-widget-container\">\n\t\t\t\t\t\t\t\t\t<p><a class=\"qodef-shortcode qodef-m  qodef-button qodef-layout--outlined qodef-html--link\" href=\"https:\/\/ruralproofing.redr.es\/index.php\/habla-la-ciudadania-rural\/\" target=\"_self\"  >\n\t<span class=\"qodef-m-text\">Ver publicaci\u00f3n<\/span>\n<\/a>\n<\/p>\t\t\t\t\t\t\t\t<\/div>\n\t\t\t\t<\/div>\n\t\t\t\t\t<\/div>\n\t\t<\/div>\n\t\t\t\t\t<\/div>\n\t\t<\/section>\n\t\t\t\t<\/div>\n\t\t","protected":false},"excerpt":{"rendered":"<p>Ruralizando las pol\u00edticas que afectan al medio rural Gu\u00eda de Rural Proofing para la evaluciaci\u00f3n de la perspectiva rural en leyes, pol\u00edticas, planes y estrategias Lo rural, \u00a1escalando posiciones! Habla la ciudadan\u00eda rural. Rural Proofing contra la Espa\u00f1a &#8220;vacilada&#8221;<\/p>\n","protected":false},"author":5,"featured_media":0,"parent":0,"menu_order":0,"comment_status":"closed","ping_status":"closed","template":"page-full-width.php","meta":{"_bbp_topic_count":0,"_bbp_reply_count":0,"_bbp_total_topic_count":0,"_bbp_total_reply_count":0,"_bbp_voice_count":0,"_bbp_anonymous_reply_count":0,"_bbp_topic_count_hidden":0,"_bbp_reply_count_hidden":0,"_bbp_forum_subforum_count":0,"iawp_total_views":73,"footnotes":""},"class_list":["post-7794","page","type-page","status-publish","hentry"],"_links":{"self":[{"href":"https:\/\/ruralproofing.redr.es\/index.php\/wp-json\/wp\/v2\/pages\/7794","targetHints":{"allow":["GET"]}}],"collection":[{"href":"https:\/\/ruralproofing.redr.es\/index.php\/wp-json\/wp\/v2\/pages"}],"about":[{"href":"https:\/\/ruralproofing.redr.es\/index.php\/wp-json\/wp\/v2\/types\/page"}],"author":[{"embeddable":true,"href":"https:\/\/ruralproofing.redr.es\/index.php\/wp-json\/wp\/v2\/users\/5"}],"replies":[{"embeddable":true,"href":"https:\/\/ruralproofing.redr.es\/index.php\/wp-json\/wp\/v2\/comments?post=7794"}],"version-history":[{"count":40,"href":"https:\/\/ruralproofing.redr.es\/index.php\/wp-json\/wp\/v2\/pages\/7794\/revisions"}],"predecessor-version":[{"id":8638,"href":"https:\/\/ruralproofing.redr.es\/index.php\/wp-json\/wp\/v2\/pages\/7794\/revisions\/8638"}],"wp:attachment":[{"href":"https:\/\/ruralproofing.redr.es\/index.php\/wp-json\/wp\/v2\/media?parent=7794"}],"curies":[{"name":"wp","href":"https:\/\/api.w.org\/{rel}","templated":true}]}}