{"id":7719,"date":"2024-05-27T12:07:23","date_gmt":"2024-05-27T10:07:23","guid":{"rendered":"https:\/\/ruralproofing.redr.es\/?page_id=7719"},"modified":"2024-10-02T14:41:25","modified_gmt":"2024-10-02T12:41:25","slug":"ruralizando-medio-rural","status":"publish","type":"page","link":"https:\/\/ruralproofing.redr.es\/index.php\/ruralizando-medio-rural\/","title":{"rendered":"Ruralizando las pol\u00edticas que afectan al medio rural"},"content":{"rendered":"\t\t<div data-elementor-type=\"wp-page\" data-elementor-id=\"7719\" class=\"elementor elementor-7719\">\n\t\t\t\t\t\t<section class=\"elementor-section elementor-top-section elementor-element elementor-element-f0d8ec6 elementor-section-full_width qodef-elementor-content-grid elementor-section-height-default elementor-section-height-default\" data-id=\"f0d8ec6\" data-element_type=\"section\" data-e-type=\"section\">\n\t\t\t\t\t\t<div class=\"elementor-container elementor-column-gap-default\">\n\t\t\t\t\t<div class=\"elementor-column elementor-col-50 elementor-top-column elementor-element elementor-element-0df994a\" data-id=\"0df994a\" data-element_type=\"column\" data-e-type=\"column\">\n\t\t\t<div class=\"elementor-widget-wrap elementor-element-populated\">\n\t\t\t\t\t\t<div class=\"elementor-element elementor-element-8de027c elementor-widget__width-initial elementor-widget elementor-widget-image\" data-id=\"8de027c\" data-element_type=\"widget\" data-e-type=\"widget\" data-widget_type=\"image.default\">\n\t\t\t\t<div class=\"elementor-widget-container\">\n\t\t\t\t\t\t\t\t\t\t\t\t\t\t\t\t<a href=\"https:\/\/ruralproofing.redr.es\/publicaciones\/04-ruralizando-esp.pdf\">\n\t\t\t\t\t\t\t<img fetchpriority=\"high\" decoding=\"async\" width=\"1824\" height=\"1953\" src=\"https:\/\/ruralproofing.redr.es\/wp-content\/uploads\/2024\/10\/Diseno-sin-titulo-15.png\" class=\"attachment-full size-full wp-image-8360\" alt=\"\" \/>\t\t\t\t\t\t\t\t<\/a>\n\t\t\t\t\t\t\t\t\t\t\t\t\t\t\t<\/div>\n\t\t\t\t<\/div>\n\t\t\t\t<div class=\"elementor-element elementor-element-d08bed3 elementor-widget elementor-widget-spacer\" data-id=\"d08bed3\" data-element_type=\"widget\" data-e-type=\"widget\" data-widget_type=\"spacer.default\">\n\t\t\t\t<div class=\"elementor-widget-container\">\n\t\t\t\t\t\t\t<div class=\"elementor-spacer\">\n\t\t\t<div class=\"elementor-spacer-inner\"><\/div>\n\t\t<\/div>\n\t\t\t\t\t\t<\/div>\n\t\t\t\t<\/div>\n\t\t\t\t<div class=\"elementor-element elementor-element-8bf2738 elementor-widget elementor-widget-text-editor\" data-id=\"8bf2738\" data-element_type=\"widget\" data-e-type=\"widget\" data-widget_type=\"text-editor.default\">\n\t\t\t\t<div class=\"elementor-widget-container\">\n\t\t\t\t\t\t\t\t\t<p><a class=\"qodef-shortcode qodef-m  qodef-button qodef-layout--outlined qodef-html--link\" href=\"https:\/\/ruralproofing.redr.es\/publicaciones\/04-ruralizando-esp.pdf\" target=\"_self\"  >\n\t<span class=\"qodef-m-text\">Descargar (ES)<\/span>\n<\/a>\n<\/p>\t\t\t\t\t\t\t\t<\/div>\n\t\t\t\t<\/div>\n\t\t\t\t\t<\/div>\n\t\t<\/div>\n\t\t\t\t<div class=\"elementor-column elementor-col-50 elementor-top-column elementor-element elementor-element-bad5fcc\" data-id=\"bad5fcc\" data-element_type=\"column\" data-e-type=\"column\">\n\t\t\t<div class=\"elementor-widget-wrap elementor-element-populated\">\n\t\t\t\t\t\t<div class=\"elementor-element elementor-element-73940a3 elementor-widget__width-initial elementor-widget elementor-widget-image\" data-id=\"73940a3\" data-element_type=\"widget\" data-e-type=\"widget\" data-widget_type=\"image.default\">\n\t\t\t\t<div class=\"elementor-widget-container\">\n\t\t\t\t\t\t\t\t\t\t\t\t\t\t\t\t<a href=\"https:\/\/ruralproofing.redr.es\/publicaciones\/04-ruralizing-eng.pdf\">\n\t\t\t\t\t\t\t<img decoding=\"async\" width=\"1824\" height=\"1953\" src=\"https:\/\/ruralproofing.redr.es\/wp-content\/uploads\/2024\/10\/Diseno-sin-titulo-16.png\" class=\"attachment-full size-full wp-image-8361\" alt=\"\" \/>\t\t\t\t\t\t\t\t<\/a>\n\t\t\t\t\t\t\t\t\t\t\t\t\t\t\t<\/div>\n\t\t\t\t<\/div>\n\t\t\t\t<div class=\"elementor-element elementor-element-7b956de elementor-widget elementor-widget-spacer\" data-id=\"7b956de\" data-element_type=\"widget\" data-e-type=\"widget\" data-widget_type=\"spacer.default\">\n\t\t\t\t<div class=\"elementor-widget-container\">\n\t\t\t\t\t\t\t<div class=\"elementor-spacer\">\n\t\t\t<div class=\"elementor-spacer-inner\"><\/div>\n\t\t<\/div>\n\t\t\t\t\t\t<\/div>\n\t\t\t\t<\/div>\n\t\t\t\t<div class=\"elementor-element elementor-element-e35b853 elementor-widget elementor-widget-text-editor\" data-id=\"e35b853\" data-element_type=\"widget\" data-e-type=\"widget\" data-widget_type=\"text-editor.default\">\n\t\t\t\t<div class=\"elementor-widget-container\">\n\t\t\t\t\t\t\t\t\t<p><a class=\"qodef-shortcode qodef-m  qodef-button qodef-layout--outlined qodef-html--link\" href=\"https:\/\/ruralproofing.redr.es\/publicaciones\/04-ruralizing-eng.pdf\" target=\"_self\"  >\n\t<span class=\"qodef-m-text\">Download English version<\/span>\n<\/a>\n<\/p>\t\t\t\t\t\t\t\t<\/div>\n\t\t\t\t<\/div>\n\t\t\t\t\t<\/div>\n\t\t<\/div>\n\t\t\t\t\t<\/div>\n\t\t<\/section>\n\t\t\t\t<section class=\"elementor-section elementor-top-section elementor-element elementor-element-da80332 elementor-section-full_width qodef-elementor-content-grid elementor-section-height-default elementor-section-height-default\" data-id=\"da80332\" data-element_type=\"section\" data-e-type=\"section\">\n\t\t\t\t\t\t<div class=\"elementor-container elementor-column-gap-default\">\n\t\t\t\t\t<div class=\"elementor-column elementor-col-100 elementor-top-column elementor-element elementor-element-69ebd96\" data-id=\"69ebd96\" data-element_type=\"column\" data-e-type=\"column\">\n\t\t\t<div class=\"elementor-widget-wrap elementor-element-populated\">\n\t\t\t\t\t\t<div class=\"elementor-element elementor-element-011a0d8 elementor-widget elementor-widget-coachfocus_core_section_title\" data-id=\"011a0d8\" data-element_type=\"widget\" data-e-type=\"widget\" data-widget_type=\"coachfocus_core_section_title.default\">\n\t\t\t\t<div class=\"elementor-widget-container\">\n\t\t\t\t\t<div class=\"qodef-shortcode qodef-m  qodef-section-title qodef-alignment--left \">\n\t\t\t<p class=\"qodef-m-text\" style=\"margin-top: 15px\">El Rural Proofing, Mecanismo Rural de Garant\u00eda o Mecanismo de Garant\u00eda\nRural surge como una metodolog\u00eda\npara impulsar la revisi\u00f3n de normativa\ny pol\u00edticas desde una perspectiva\nrural. Con esta publicaci\u00f3n, desde REDR\nqueremos visibilizar las experiencias de\nlos pa\u00edses que han puesto en marcha\nla metodolog\u00eda del Rural Proofing en\nsu territorio, as\u00ed como a nivel nacional\nlas Comunidades Aut\u00f3nomas que se\nhan unido a esta tendencia. Por \u00faltimo,\nqueremos dar a conocer otras iniciativas,\nestrategias y proyectos que tratan\ntambi\u00e9n de impulsar el Mecanismo de\nGarant\u00eda Rural.\nA trav\u00e9s de esta recopilaci\u00f3n de buenas\npr\u00e1cticas pretendemos, tanto dar a\nconocer el Rural Proofing, como animar\ny facilitar a las entidades p\u00fablicas su\nimplementaci\u00f3n.<\/p>\n<\/div>\n\t\t\t\t<\/div>\n\t\t\t\t<\/div>\n\t\t\t\t<div class=\"elementor-element elementor-element-e5218a7 elementor-widget elementor-widget-spacer\" data-id=\"e5218a7\" data-element_type=\"widget\" data-e-type=\"widget\" data-widget_type=\"spacer.default\">\n\t\t\t\t<div class=\"elementor-widget-container\">\n\t\t\t\t\t\t\t<div class=\"elementor-spacer\">\n\t\t\t<div class=\"elementor-spacer-inner\"><\/div>\n\t\t<\/div>\n\t\t\t\t\t\t<\/div>\n\t\t\t\t<\/div>\n\t\t\t\t\t<\/div>\n\t\t<\/div>\n\t\t\t\t\t<\/div>\n\t\t<\/section>\n\t\t\t\t<\/div>\n\t\t","protected":false},"excerpt":{"rendered":"<p>El Rural Proofing, Mecanismo Rural de Garant\u00eda o Mecanismo de Garant\u00eda Rural surge como una metodolog\u00eda para impulsar la revisi\u00f3n de normativa y pol\u00edticas desde una perspectiva rural. Con esta publicaci\u00f3n, desde REDR queremos visibilizar las experiencias de los pa\u00edses que han puesto en marcha la metodolog\u00eda del Rural Proofing en su territorio, as\u00ed como [&hellip;]<\/p>\n","protected":false},"author":5,"featured_media":0,"parent":0,"menu_order":0,"comment_status":"closed","ping_status":"closed","template":"page-full-width.php","meta":{"_bbp_topic_count":0,"_bbp_reply_count":0,"_bbp_total_topic_count":0,"_bbp_total_reply_count":0,"_bbp_voice_count":0,"_bbp_anonymous_reply_count":0,"_bbp_topic_count_hidden":0,"_bbp_reply_count_hidden":0,"_bbp_forum_subforum_count":0,"iawp_total_views":30,"footnotes":""},"class_list":["post-7719","page","type-page","status-publish","hentry"],"_links":{"self":[{"href":"https:\/\/ruralproofing.redr.es\/index.php\/wp-json\/wp\/v2\/pages\/7719","targetHints":{"allow":["GET"]}}],"collection":[{"href":"https:\/\/ruralproofing.redr.es\/index.php\/wp-json\/wp\/v2\/pages"}],"about":[{"href":"https:\/\/ruralproofing.redr.es\/index.php\/wp-json\/wp\/v2\/types\/page"}],"author":[{"embeddable":true,"href":"https:\/\/ruralproofing.redr.es\/index.php\/wp-json\/wp\/v2\/users\/5"}],"replies":[{"embeddable":true,"href":"https:\/\/ruralproofing.redr.es\/index.php\/wp-json\/wp\/v2\/comments?post=7719"}],"version-history":[{"count":78,"href":"https:\/\/ruralproofing.redr.es\/index.php\/wp-json\/wp\/v2\/pages\/7719\/revisions"}],"predecessor-version":[{"id":8470,"href":"https:\/\/ruralproofing.redr.es\/index.php\/wp-json\/wp\/v2\/pages\/7719\/revisions\/8470"}],"wp:attachment":[{"href":"https:\/\/ruralproofing.redr.es\/index.php\/wp-json\/wp\/v2\/media?parent=7719"}],"curies":[{"name":"wp","href":"https:\/\/api.w.org\/{rel}","templated":true}]}}